{"id":114,"date":"2023-05-11T13:32:01","date_gmt":"2023-05-11T13:32:01","guid":{"rendered":"https:\/\/mivelektro.com\/?page_id=114"},"modified":"2023-05-11T13:32:01","modified_gmt":"2023-05-11T13:32:01","slug":"politika-privatnosti","status":"publish","type":"page","link":"https:\/\/mivelektro.com\/index.php\/politika-privatnosti\/","title":{"rendered":"Politika privatnosti"},"content":{"rendered":"\n<h1 class=\"wp-block-heading\">IZJAVA O PRIVATNOSTI<\/h1>\n\n\n\n<p><strong>Kori\u0161tenjem Internet stranice MiV ELEKTROENERGY d.o.o., www.mivelektro.com odnosno bilo koje usluge koja je navedena u istima, u cijelosti prihva\u0107ate Uvjete kori\u0161tenja koji se ovdje nalaze. Ako niste suglasni s uvjetima kori\u0161tenja ne koristite ove stranice.<\/strong><\/p>\n\n\n\n<p>Izri\u010dito izjavljujem da slanjem upita MiV ELEKTROENERGY d.o.o. dobrovoljno stavljate na raspolaganje potrebne podatke i dozvoljavate da se isti koriste za sve poslove koje sklapate i ugovarate sa MiV ELEKTROENERGY d.o.o.<\/p>\n\n\n\n<p><strong>1. Prikupljanje i kori\u0161tenje informacija<\/strong><br>Sukladno \u201eZakonu o za\u0161titi osobnih podataka\u201c, MiV ELEKTROENERGY d.o.o. se obvezuje prikupljati osobne podatke korisnika svojih usluga samo i isklju\u010divo uz njihovu dozvolu i u svrhu s kojom je korisnik usluga prethodno upoznat. Kako bismo realizirali tra\u017eene usluge i pru\u017eili potrebne informacije vezane uz isto, MiV ELEKTROENERGY d.o.o. \u0107e koristiti samo one informacije koje nam svojevoljno date. Obvezujemo se da iste ne\u0107emo prodati, iznijeti u javnost ili ih dati tre\u0107oj stranci na na\u010din koji nije naveden u ovoj izjavi. Svaki korisnik ima pravo u bilo kojem trenutku zatra\u017eiti brisanje ili a\u017euriranje svojih podataka, slanjem obavijesti na info@mivelektro.com,<\/p>\n\n\n\n<p><\/p>\n\n\n\n<p><strong>2. Druge web stranice i kola\u010di\u0107i <\/strong><\/p>\n\n\n\n<p>Ova Izjava i privatnosti primjenjuje se isklju\u010divo vezano uz informacije prikupljene na ovim Internet stranicama.<\/p>\n\n\n\n<p>\u0160to je cookie? \u2013 Cookie je tekstna datoteka koju, kod prve posjete stranice, Va\u0161 Web browser pohranjuje na Va\u0161 hard-disk. Na taj na\u010din je omogu\u0107eno br\u017ee u\u010ditavanje ve\u0107 posje\u0107enih stranica. Cookie ne sadr\u017eava nikakve osobne informacije, ali poma\u017ee nama da Vam pru\u017eamo posebne usluge dok ste na Webu.<\/p>\n\n\n\n<p>Za\u0161to se koriste cookieji? \u2013 Jedna od glavnih prednosti cookieja je u\u0161teda vremena i lak\u0161a navigacija po stranicama, budu\u0107i da cookie daje signal Web browseru da ste se vratili na stranicu koja je prethodno ve\u0107 bila u\u010ditana. Statisti\u010dke informacije o posje\u0107enosti odre\u0111enih informacija na Webu se kreiraju pomo\u0107u cookieja, stoga imaju veliku va\u017enost u prepoznavanju \u017eelja posjetitelja stranice, te prema tome nam poma\u017eu u zadovoljavanju interesa i \u017eelja klijenata za odre\u0111enim sadr\u017eajima na stranici. Ovdje primarnu ulogu ima analitika stranica Google Analytics, koja se isklju\u010divo koristi radi prikupljanja nu\u017enih informacija o uspje\u0161nosti na\u0161ih stranica na tr\u017ei\u0161tu.<br>\u201eKola\u010di\u0107i\u201c su opcija koju Vam nudi Va\u0161 Web browser. Ve\u0107ina Web browsera je pode\u0161ena tako da automatski prihva\u0107a cookieje, no ukoliko Vi to \u017eelite, mo\u017eete promijeniti postavke svog browsera tako da odbija kola\u010di\u0107e. IP adrese se koriste u svrhu analiziranja trendova i odr\u017eavanja web stranice MiV ELEKTROENERGY d.o.o., te iste nisu osobni podaci pomo\u0107u kojih se pojedinac mo\u017ee identificirati.<\/p>\n\n\n\n<p><strong>3. Sigurnost kori\u0161tenja Internet stranice<\/strong><br>Internet stranica MiV ELEKTROENERGY d.o.o. poduzima sve mjere kako bi za\u0161titile podatke o korisniku. Uno\u0161enjem povjerljivih podataka je u potpunosti sigurno i isti su za\u0161ti\u0107eni. Pristup istima je ograni\u010den i imaju ga samo osobe kojima su isti potrebni kako bi se tra\u017eena usluga kvalitetno i u potpunosti pru\u017eila.<\/p>\n\n\n\n<p><strong>4. Ograni\u010denje na osobno, nekomercijano kori\u0161tenje<\/strong><br>Ova web stranica namijenjena je korisnicima za osobno, nekomercijalno kori\u0161tenje. Nije dozvoljeno mijenjati, kopirati, distribuirati, prikazivati, objavljivati ili na bilo koji drugi na\u010din prenositi ili prodavati bilo koju informaciju, uslugu ili proizvod koji se objavljuje na ovim stranicama.<\/p>\n\n\n\n<p><strong>5. Vlasni\u0161tvo<\/strong><br>Sadr\u017eaji i formati na ovim web stranicama su vlasni\u0161tvo MiV ELEKTROENERGY  d.o.o.<\/p>\n\n\n\n<p><strong>6. Ograni\u010denje od odgovornosti<\/strong><br>Informacije na ovim stranicama smatraju se ispravnima u trenutku uno\u0161enja. Svi podaci redovito \u0107e se pregledavati, a eventualne gre\u0161ke odmah uklanjati. MiV ELEKTROENERGY d.o.o. zadr\u017eava pravo promjene podataka na ovim stranicama bez posebnog upozorenja.<\/p>\n\n\n\n<p><strong>7. Zabranjeno ilegalno kori\u0161tenje<\/strong><br>Kori\u0161tenjem ove web stranice obvezujete se da informacije ovdje dobivene ne\u0107ete koristiti u zabranjene ili ilegalne svrhe ili radnje.<\/p>\n\n\n\n<p><strong>8. Promjena ovih uvjeta i drugi uvjeta poslovanja<\/strong><br>MiV ELEKTROENERGY d.o.o. zadr\u017eava pravo promjena ovih uvjeta kori\u0161tenja web stranica i drugih uvjeta poslovanja. Promjene ne utje\u010du na ve\u0107 dogovorene poslove.<\/p>\n\n\n\n<h2 class=\"wp-block-heading\"><\/h2>\n","protected":false},"excerpt":{"rendered":"<p>IZJAVA O PRIVATNOSTI Kori\u0161tenjem Internet stranice MiV ELEKTROENERGY d.o.o., www.mivelektro.com odnosno bilo koje usluge koja je navedena u istima, u cijelosti prihva\u0107ate Uvjete kori\u0161tenja koji se ovdje nalaze. Ako niste suglasni s uvjetima kori\u0161tenja ne koristite ove stranice. Izri\u010dito izjavljujem da slanjem upita MiV ELEKTROENERGY d.o.o. dobrovoljno stavljate na raspolaganje potrebne podatke i dozvoljavate da &hellip; <\/p>\n<p class=\"link-more\"><a href=\"https:\/\/mivelektro.com\/index.php\/politika-privatnosti\/\" class=\"more-link\">Continue reading<span class=\"screen-reader-text\"> &#8220;Politika privatnosti&#8221;<\/span><\/a><\/p>\n","protected":false},"author":1,"featured_media":0,"parent":0,"menu_order":0,"comment_status":"closed","ping_status":"closed","template":"","meta":{"footnotes":""},"_links":{"self":[{"href":"https:\/\/mivelektro.com\/index.php\/wp-json\/wp\/v2\/pages\/114"}],"collection":[{"href":"https:\/\/mivelektro.com\/index.php\/wp-json\/wp\/v2\/pages"}],"about":[{"href":"https:\/\/mivelektro.com\/index.php\/wp-json\/wp\/v2\/types\/page"}],"author":[{"embeddable":true,"href":"https:\/\/mivelektro.com\/index.php\/wp-json\/wp\/v2\/users\/1"}],"replies":[{"embeddable":true,"href":"https:\/\/mivelektro.com\/index.php\/wp-json\/wp\/v2\/comments?post=114"}],"version-history":[{"count":1,"href":"https:\/\/mivelektro.com\/index.php\/wp-json\/wp\/v2\/pages\/114\/revisions"}],"predecessor-version":[{"id":116,"href":"https:\/\/mivelektro.com\/index.php\/wp-json\/wp\/v2\/pages\/114\/revisions\/116"}],"wp:attachment":[{"href":"https:\/\/mivelektro.com\/index.php\/wp-json\/wp\/v2\/media?parent=114"}],"curies":[{"name":"wp","href":"https:\/\/api.w.org\/{rel}","templated":true}]}}