{"id":2,"date":"2023-04-04T13:54:30","date_gmt":"2023-04-04T13:54:30","guid":{"rendered":"https:\/\/mivelektro.com\/?page_id=2"},"modified":"2023-12-01T08:56:19","modified_gmt":"2023-12-01T08:56:19","slug":"sample-page","status":"publish","type":"page","link":"https:\/\/mivelektro.com\/","title":{"rendered":"Dobro do\u0161li!"},"content":{"rendered":"\n<p class=\"has-medium-font-size\">Tvrtka <strong>MiV ELEKTROENERGY<\/strong> osnovana je u Hrvatskoj i \u010dini je tim stru\u010dnjaka sa vi\u0161egodi\u0161njim iskustvom izvo\u0111enja radova elektroinstalacija za postrojenja i stambene zgrade.<\/p>\n\n\n\n<blockquote class=\"wp-block-quote is-layout-flow wp-block-quote-is-layout-flow\">\n<p class=\"has-text-align-center has-background-color has-text-color\"><strong>O\u010dekujte najbolje od nas, za va\u0161u svijetlu budu\u0107nost<\/strong><\/p>\n<\/blockquote>\n\n\n\n<p class=\"has-medium-font-size\">Vi\u0161e od 10 godina iskustva na brojnim poslovima u Njema\u010dkoj i ostatku zapadne Europe, ponukali su nas da otvorimo tvrtku u Hrvatskoj.<\/p>\n\n\n\n<blockquote class=\"wp-block-quote is-layout-flow wp-block-quote-is-layout-flow\">\n<p> <\/p>\n<\/blockquote>\n\n\n\n<p><\/p>\n","protected":false},"excerpt":{"rendered":"<p>Tvrtka MiV ELEKTROENERGY osnovana je u Hrvatskoj i \u010dini je tim stru\u010dnjaka sa vi\u0161egodi\u0161njim iskustvom izvo\u0111enja radova elektroinstalacija za postrojenja i stambene zgrade. O\u010dekujte najbolje od nas, za va\u0161u svijetlu budu\u0107nost Vi\u0161e od 10 godina iskustva na brojnim poslovima u Njema\u010dkoj i ostatku zapadne Europe, ponukali su nas da otvorimo tvrtku u Hrvatskoj.<\/p>\n","protected":false},"author":1,"featured_media":34,"parent":0,"menu_order":0,"comment_status":"closed","ping_status":"open","template":"","meta":{"footnotes":""},"_links":{"self":[{"href":"https:\/\/mivelektro.com\/index.php\/wp-json\/wp\/v2\/pages\/2"}],"collection":[{"href":"https:\/\/mivelektro.com\/index.php\/wp-json\/wp\/v2\/pages"}],"about":[{"href":"https:\/\/mivelektro.com\/index.php\/wp-json\/wp\/v2\/types\/page"}],"author":[{"embeddable":true,"href":"https:\/\/mivelektro.com\/index.php\/wp-json\/wp\/v2\/users\/1"}],"replies":[{"embeddable":true,"href":"https:\/\/mivelektro.com\/index.php\/wp-json\/wp\/v2\/comments?post=2"}],"version-history":[{"count":3,"href":"https:\/\/mivelektro.com\/index.php\/wp-json\/wp\/v2\/pages\/2\/revisions"}],"predecessor-version":[{"id":180,"href":"https:\/\/mivelektro.com\/index.php\/wp-json\/wp\/v2\/pages\/2\/revisions\/180"}],"wp:featuredmedia":[{"embeddable":true,"href":"https:\/\/mivelektro.com\/index.php\/wp-json\/wp\/v2\/media\/34"}],"wp:attachment":[{"href":"https:\/\/mivelektro.com\/index.php\/wp-json\/wp\/v2\/media?parent=2"}],"curies":[{"name":"wp","href":"https:\/\/api.w.org\/{rel}","templated":true}]}}