{"id":51,"date":"2023-05-07T17:56:16","date_gmt":"2023-05-07T17:56:16","guid":{"rendered":"https:\/\/mivelektro.com\/?page_id=51"},"modified":"2023-05-07T18:32:57","modified_gmt":"2023-05-07T18:32:57","slug":"o-nama","status":"publish","type":"page","link":"https:\/\/mivelektro.com\/index.php\/o-nama\/","title":{"rendered":"O nama"},"content":{"rendered":"\n<p>Specijalizirani smo za pru\u017eanje usluga monta\u017ee i ugradnje elektroinstalacija u velikim inozemnim industrijskim postrojenjima, stambenim zgradama i solarnim postrojenjima.<\/p>\n\n\n\n<p>Na\u0161i djelatnici sa vi\u0161egodi\u0161njim iskustvom na inozemnim gradili\u0161tima u Njema\u010dkoj i Francuskoj, prepoznati su kao pouzdani, odgovorni i profesionalni partner na\u0161ih korisnika. <\/p>\n\n\n\n<p>Pratimo Va\u0161u investiciju kroz cijeli proces nastajanja, od projektiranja do zavr\u0161nih radova.<\/p>\n\n\n\n<p>U ovom trenutku \u0161irimo se i na podru\u010dje Hrvatske. <\/p>\n","protected":false},"excerpt":{"rendered":"<p>Specijalizirani smo za pru\u017eanje usluga monta\u017ee i ugradnje elektroinstalacija u velikim inozemnim industrijskim postrojenjima, stambenim zgradama i solarnim postrojenjima. Na\u0161i djelatnici sa vi\u0161egodi\u0161njim iskustvom na inozemnim gradili\u0161tima u Njema\u010dkoj i Francuskoj, prepoznati su kao pouzdani, odgovorni i profesionalni partner na\u0161ih korisnika. Pratimo Va\u0161u investiciju kroz cijeli proces nastajanja, od projektiranja do zavr\u0161nih radova. U ovom &hellip; <\/p>\n<p class=\"link-more\"><a href=\"https:\/\/mivelektro.com\/index.php\/o-nama\/\" class=\"more-link\">Continue reading<span class=\"screen-reader-text\"> &#8220;O nama&#8221;<\/span><\/a><\/p>\n","protected":false},"author":1,"featured_media":0,"parent":0,"menu_order":0,"comment_status":"closed","ping_status":"closed","template":"","meta":{"footnotes":""},"_links":{"self":[{"href":"https:\/\/mivelektro.com\/index.php\/wp-json\/wp\/v2\/pages\/51"}],"collection":[{"href":"https:\/\/mivelektro.com\/index.php\/wp-json\/wp\/v2\/pages"}],"about":[{"href":"https:\/\/mivelektro.com\/index.php\/wp-json\/wp\/v2\/types\/page"}],"author":[{"embeddable":true,"href":"https:\/\/mivelektro.com\/index.php\/wp-json\/wp\/v2\/users\/1"}],"replies":[{"embeddable":true,"href":"https:\/\/mivelektro.com\/index.php\/wp-json\/wp\/v2\/comments?post=51"}],"version-history":[{"count":1,"href":"https:\/\/mivelektro.com\/index.php\/wp-json\/wp\/v2\/pages\/51\/revisions"}],"predecessor-version":[{"id":54,"href":"https:\/\/mivelektro.com\/index.php\/wp-json\/wp\/v2\/pages\/51\/revisions\/54"}],"wp:attachment":[{"href":"https:\/\/mivelektro.com\/index.php\/wp-json\/wp\/v2\/media?parent=51"}],"curies":[{"name":"wp","href":"https:\/\/api.w.org\/{rel}","templated":true}]}}